{"id":2,"date":"2020-09-29T16:42:43","date_gmt":"2020-09-29T19:42:43","guid":{"rendered":"http:\/\/muitoalemdozap1.hospedagemdesites.ws\/?page_id=2"},"modified":"2020-12-11T15:41:22","modified_gmt":"2020-12-11T18:41:22","slug":"pagina-exemplo","status":"publish","type":"page","link":"http:\/\/muitoalemdozap.com.br\/","title":{"rendered":"Home"},"content":{"rendered":"<p>[vc_row full_width=&#8221;stretch_row&#8221; css=&#8221;.vc_custom_1601471081434{background-image: url(http:\/\/muitoalemdozap1.hospedagemdesites.ws\/wp-content\/uploads\/2020\/09\/fd1.jpg?id=17) !important;background-position: center !important;background-repeat: no-repeat !important;background-size: cover !important;}&#8221; el_id=&#8221;c1&#8243;][vc_column][vc_empty_space height=&#8221;40px&#8221; el_class=&#8221;sumircel&#8221;][vc_custom_heading text=&#8221;MUITO AL\u00c9M DO ZAP&#8221; font_container=&#8221;tag:h2|font_size:33px|text_align:center|color:%23ffffff&#8221; google_fonts=&#8221;font_family:Montserrat%3Aregular%2C700|font_style:700%20bold%20regular%3A700%3Anormal&#8221; css=&#8221;.vc_custom_1601471257326{margin-bottom: 27px !important;padding-bottom: 0px !important;}&#8221;][vc_column_text]<\/p>\n<p style=\"text-align: center;\"><span style=\"color: #ffffff;\">Bem-vindo ao curso &#8220;Muito Al\u00e9m do Zap&#8221;. Aqui, voc\u00ea vai conhecer um pouco mais sobre a m\u00eddia. Nosso objetivo \u00e9 ajud\u00e1-lo a ter mais ferramentas para acompanhar de forma mais madura e cr\u00edtica o universo de conte\u00fado que nos cerca e para produzir, de forma criativa e consciente, suas pr\u00f3prias informa\u00e7\u00f5es e pontos de vista.<\/span><\/p>\n<p style=\"text-align: center;\"><span style=\"color: #ffffff;\">Fa\u00e7a o curso na \u00edntegra ou navegue pelo conte\u00fado de sua prefer\u00eancia:<\/span><\/p>\n<p>[\/vc_column_text][vc_empty_space height=&#8221;50px&#8221; el_class=&#8221;sumircel&#8221;][\/vc_column][\/vc_row][vc_row full_width=&#8221;stretch_row&#8221; css=&#8221;.vc_custom_1599760167773{background-position: center !important;background-repeat: no-repeat !important;background-size: cover !important;}&#8221; el_id=&#8221;c2&#8243;][vc_column][vc_empty_space height=&#8221;40px&#8221; el_class=&#8221;sumircel&#8221;][vc_custom_heading text=&#8221;CURSO&#8221; font_container=&#8221;tag:h2|font_size:33px|text_align:center|color:%2336a748&#8243; google_fonts=&#8221;font_family:Montserrat%3Aregular%2C700|font_style:700%20bold%20regular%3A700%3Anormal&#8221; css=&#8221;.vc_custom_1601471320454{margin-bottom: 27px !important;padding-bottom: 0px !important;}&#8221;][vc_empty_space height=&#8221;20px&#8221; el_class=&#8221;sumircel&#8221;][vc_row_inner][vc_column_inner width=&#8221;1\/2&#8243;][vc_single_image image=&#8221;162&#8243; img_size=&#8221;full&#8221; alignment=&#8221;center&#8221; css=&#8221;.vc_custom_1607711681799{margin-bottom: 0px !important;}&#8221;][vc_custom_heading text=&#8221;M\u00d3DULO 1&#8243; font_container=&#8221;tag:h2|font_size:26px|text_align:center|color:%231a1818&#8243; google_fonts=&#8221;font_family:Montserrat%3Aregular%2C700|font_style:700%20bold%20regular%3A700%3Anormal&#8221; css=&#8221;.vc_custom_1607111496270{margin-top: 0px !important;margin-bottom: 0px !important;padding-top: 24px !important;padding-bottom: 15px !important;}&#8221; link=&#8221;url:http%3A%2F%2Fmuitoalemdozap1.hospedagemdesites.ws%2F%3Fpage_id%3D39|title:M%C3%B3dulo%201||&#8221;][vc_column_text css=&#8221;.vc_custom_1607111349596{margin-top: 0px !important;margin-bottom: 70px !important;}&#8221;]<\/p>\n<p style=\"text-align: center;\"><span style=\"font-weight: 400;\">Democracia depende da comunica\u00e7\u00e3o. Conceitua a comunica\u00e7\u00e3o como direito humano central e apresenta a fun\u00e7\u00e3o do jornalismo nesse cen\u00e1rio.<\/span><\/p>\n<p>[\/vc_column_text][\/vc_column_inner][vc_column_inner width=&#8221;1\/2&#8243;][vc_single_image image=&#8221;165&#8243; img_size=&#8221;full&#8221; alignment=&#8221;center&#8221; css=&#8221;.vc_custom_1607711695269{margin-bottom: 0px !important;}&#8221;][vc_custom_heading text=&#8221;M\u00d3DULO 2&#8243; font_container=&#8221;tag:h2|font_size:26px|text_align:center|color:%231a1818&#8243; google_fonts=&#8221;font_family:Montserrat%3Aregular%2C700|font_style:700%20bold%20regular%3A700%3Anormal&#8221; css=&#8221;.vc_custom_1607111505407{margin-top: 0px !important;margin-bottom: 0px !important;padding-top: 24px !important;padding-bottom: 15px !important;}&#8221; link=&#8221;url:http%3A%2F%2Fmuitoalemdozap1.hospedagemdesites.ws%2F%3Fpage_id%3D64|title:M%C3%B3dulo%202||&#8221;][vc_column_text css=&#8221;.vc_custom_1607111378085{margin-top: 0px !important;margin-bottom: 70px !important;}&#8221;]<\/p>\n<p style=\"text-align: center;\"><span style=\"font-weight: 400;\">O Universo das redes sociais. Um mergulho nas plataformas que alteraram nossa forma de interagir com os outros e com o mundo.<\/span><\/p>\n<p>[\/vc_column_text][\/vc_column_inner][\/vc_row_inner][vc_row_inner][vc_column_inner width=&#8221;1\/2&#8243;][vc_single_image image=&#8221;163&#8243; img_size=&#8221;full&#8221; alignment=&#8221;center&#8221; css=&#8221;.vc_custom_1607711705580{margin-bottom: 0px !important;}&#8221;][vc_custom_heading text=&#8221;M\u00d3DULO 3&#8243; font_container=&#8221;tag:h2|font_size:26px|text_align:center|color:%231a1818&#8243; google_fonts=&#8221;font_family:Montserrat%3Aregular%2C700|font_style:700%20bold%20regular%3A700%3Anormal&#8221; css=&#8221;.vc_custom_1607111514165{margin-top: 0px !important;margin-bottom: 0px !important;padding-top: 24px !important;padding-bottom: 15px !important;}&#8221; link=&#8221;url:http%3A%2F%2Fmuitoalemdozap1.hospedagemdesites.ws%2F%3Fpage_id%3D68|title:M%C3%B3dulo%203||&#8221;][vc_column_text css=&#8221;.vc_custom_1607111465923{margin-top: 0px !important;margin-bottom: 70px !important;}&#8221;]<\/p>\n<p style=\"text-align: center;\"><span style=\"font-weight: 400;\">Fake news e as pol\u00eamicas da vez. Apresenta a desinforma\u00e7\u00e3o e suas varia\u00e7\u00f5es, indicando conex\u00f5es com a economia e a pol\u00edtica.<\/span><\/p>\n<p>[\/vc_column_text][\/vc_column_inner][vc_column_inner width=&#8221;1\/2&#8243;][vc_single_image image=&#8221;164&#8243; img_size=&#8221;full&#8221; alignment=&#8221;center&#8221; css=&#8221;.vc_custom_1607711715429{margin-bottom: 0px !important;}&#8221;][vc_custom_heading text=&#8221;M\u00d3DULO 4&#8243; font_container=&#8221;tag:h2|font_size:26px|text_align:center|color:%231a1818&#8243; google_fonts=&#8221;font_family:Montserrat%3Aregular%2C700|font_style:700%20bold%20regular%3A700%3Anormal&#8221; css=&#8221;.vc_custom_1607111523485{margin-top: 0px !important;margin-bottom: 0px !important;padding-top: 24px !important;padding-bottom: 15px !important;}&#8221; link=&#8221;url:http%3A%2F%2Fmuitoalemdozap1.hospedagemdesites.ws%2F%3Fpage_id%3D72|title:M%C3%B3dulo%204||&#8221;][vc_column_text css=&#8221;.vc_custom_1607111426621{margin-top: 0px !important;margin-bottom: 70px !important;}&#8221;]<\/p>\n<p style=\"text-align: center;\"><span style=\"font-weight: 400;\">Como melhorar a comunica\u00e7\u00e3o. Porque a den\u00fancia n\u00e3o basta: \u00e9 preciso construir caminhos para efetivar esse direito humano.<\/span><\/p>\n<p>[\/vc_column_text][\/vc_column_inner][\/vc_row_inner][vc_empty_space height=&#8221;20px&#8221; el_class=&#8221;sumircel&#8221;][\/vc_column][\/vc_row]<\/p>\n","protected":false},"excerpt":{"rendered":"<p>[vc_row full_width=&#8221;stretch_row&#8221; css=&#8221;.vc_custom_1601471081434{background-image: url(http:\/\/muitoalemdozap1.hospedagemdesites.ws\/wp-content\/uploads\/2020\/09\/fd1.jpg?id=17) !important;background-position: center !important;background-repeat: no-repeat !important;background-size: cover !important;}&#8221; el_id=&#8221;c1&#8243;][vc_column][vc_empty_space height=&#8221;40px&#8221; el_class=&#8221;sumircel&#8221;][vc_custom_heading text=&#8221;MUITO AL\u00c9M DO ZAP&#8221; font_container=&#8221;tag:h2|font_size:33px|text_align:center|color:%23ffffff&#8221; google_fonts=&#8221;font_family:Montserrat%3Aregular%2C700|font_style:700%20bold%20regular%3A700%3Anormal&#8221; css=&#8221;.vc_custom_1601471257326{margin-bottom: 27px !important;padding-bottom: 0px !important;}&#8221;][vc_column_text] Bem-vindo ao curso &#8220;Muito Al\u00e9m do Zap&#8221;. Aqui, voc\u00ea vai conhecer um pouco mais sobre a m\u00eddia. Nosso objetivo \u00e9 ajud\u00e1-lo a ter mais ferramentas para acompanhar de forma mais [&hellip;]<\/p>\n","protected":false},"author":1,"featured_media":0,"parent":0,"menu_order":0,"comment_status":"closed","ping_status":"open","template":"","meta":{"_monsterinsights_skip_tracking":false,"_monsterinsights_sitenote_active":false,"_monsterinsights_sitenote_note":"","_monsterinsights_sitenote_category":0},"_links":{"self":[{"href":"http:\/\/muitoalemdozap.com.br\/index.php?rest_route=\/wp\/v2\/pages\/2"}],"collection":[{"href":"http:\/\/muitoalemdozap.com.br\/index.php?rest_route=\/wp\/v2\/pages"}],"about":[{"href":"http:\/\/muitoalemdozap.com.br\/index.php?rest_route=\/wp\/v2\/types\/page"}],"author":[{"embeddable":true,"href":"http:\/\/muitoalemdozap.com.br\/index.php?rest_route=\/wp\/v2\/users\/1"}],"replies":[{"embeddable":true,"href":"http:\/\/muitoalemdozap.com.br\/index.php?rest_route=%2Fwp%2Fv2%2Fcomments&post=2"}],"version-history":[{"count":18,"href":"http:\/\/muitoalemdozap.com.br\/index.php?rest_route=\/wp\/v2\/pages\/2\/revisions"}],"predecessor-version":[{"id":166,"href":"http:\/\/muitoalemdozap.com.br\/index.php?rest_route=\/wp\/v2\/pages\/2\/revisions\/166"}],"wp:attachment":[{"href":"http:\/\/muitoalemdozap.com.br\/index.php?rest_route=%2Fwp%2Fv2%2Fmedia&parent=2"}],"curies":[{"name":"wp","href":"https:\/\/api.w.org\/{rel}","templated":true}]}}